{"id":9,"date":"2025-02-05T17:31:49","date_gmt":"2025-02-05T17:31:49","guid":{"rendered":"https:\/\/cocegas.com.br\/encontros\/?page_id=9"},"modified":"2025-02-14T16:55:57","modified_gmt":"2025-02-14T16:55:57","slug":"sobre","status":"publish","type":"page","link":"https:\/\/cocegas.com.br\/encontros\/sobre\/","title":{"rendered":"Sobre"},"content":{"rendered":"\t\t<div data-elementor-type=\"wp-page\" data-elementor-id=\"9\" class=\"elementor elementor-9\">\n\t\t\t\t<div class=\"elementor-element elementor-element-4e8618e7 e-flex e-con-boxed e-con e-parent\" data-id=\"4e8618e7\" data-element_type=\"container\" data-e-type=\"container\">\n\t\t\t\t\t<div class=\"e-con-inner\">\n\t\t\t\t<div class=\"elementor-element elementor-element-79a5c588 elementor-widget elementor-widget-text-editor\" data-id=\"79a5c588\" data-element_type=\"widget\" data-e-type=\"widget\" data-widget_type=\"text-editor.default\">\n\t\t\t\t<div class=\"elementor-widget-container\">\n\t\t\t\t\t\t\t\t\t<p><\/p>\n<p>Nessa p\u00e1gina vamos mostrar q esse fetiche n\u00e3o \u00e9 t\u00e3o incomum<\/p>\n<p><\/p>\t\t\t\t\t\t\t\t<\/div>\n\t\t\t\t<\/div>\n\t\t\t\t\t<\/div>\n\t\t\t\t<\/div>\n\t\t<div class=\"elementor-element elementor-element-3e11db0 e-flex e-con-boxed e-con e-parent\" data-id=\"3e11db0\" data-element_type=\"container\" data-e-type=\"container\">\n\t\t\t\t\t<div class=\"e-con-inner\">\n\t\t\t\t<div class=\"elementor-element elementor-element-9aea728 elementor-widget elementor-widget-image\" data-id=\"9aea728\" data-element_type=\"widget\" data-e-type=\"widget\" data-widget_type=\"image.default\">\n\t\t\t\t<div class=\"elementor-widget-container\">\n\t\t\t\t\t\t\t\t\t\t\t\t\t\t\t<img fetchpriority=\"high\" decoding=\"async\" width=\"840\" height=\"630\" src=\"https:\/\/cocegas.com.br\/encontros\/wp-content\/uploads\/2025\/02\/6ce2db15-5ad6-42c2-814e-c2c16861d16e1-1024x768.jpg\" class=\"attachment-large size-large wp-image-44\" alt=\"\" srcset=\"https:\/\/cocegas.com.br\/encontros\/wp-content\/uploads\/2025\/02\/6ce2db15-5ad6-42c2-814e-c2c16861d16e1-1024x768.jpg 1024w, https:\/\/cocegas.com.br\/encontros\/wp-content\/uploads\/2025\/02\/6ce2db15-5ad6-42c2-814e-c2c16861d16e1-600x450.jpg 600w, https:\/\/cocegas.com.br\/encontros\/wp-content\/uploads\/2025\/02\/6ce2db15-5ad6-42c2-814e-c2c16861d16e1-300x225.jpg 300w, https:\/\/cocegas.com.br\/encontros\/wp-content\/uploads\/2025\/02\/6ce2db15-5ad6-42c2-814e-c2c16861d16e1-768x576.jpg 768w, https:\/\/cocegas.com.br\/encontros\/wp-content\/uploads\/2025\/02\/6ce2db15-5ad6-42c2-814e-c2c16861d16e1-1536x1152.jpg 1536w, https:\/\/cocegas.com.br\/encontros\/wp-content\/uploads\/2025\/02\/6ce2db15-5ad6-42c2-814e-c2c16861d16e1-1200x900.jpg 1200w, https:\/\/cocegas.com.br\/encontros\/wp-content\/uploads\/2025\/02\/6ce2db15-5ad6-42c2-814e-c2c16861d16e1.jpg 1600w\" sizes=\"(max-width: 840px) 100vw, 840px\" \/>\t\t\t\t\t\t\t\t\t\t\t\t\t\t\t<\/div>\n\t\t\t\t<\/div>\n\t\t\t\t\t<\/div>\n\t\t\t\t<\/div>\n\t\t\t\t<\/div>\n\t\t","protected":false},"excerpt":{"rendered":"<p>Nessa p\u00e1gina vamos mostrar q esse fetiche n\u00e3o \u00e9 t\u00e3o incomum<\/p>\n","protected":false},"author":1,"featured_media":0,"parent":0,"menu_order":0,"comment_status":"closed","ping_status":"closed","template":"","meta":{"footnotes":""},"class_list":["post-9","page","type-page","status-publish","hentry"],"_links":{"self":[{"href":"https:\/\/cocegas.com.br\/encontros\/wp-json\/wp\/v2\/pages\/9","targetHints":{"allow":["GET"]}}],"collection":[{"href":"https:\/\/cocegas.com.br\/encontros\/wp-json\/wp\/v2\/pages"}],"about":[{"href":"https:\/\/cocegas.com.br\/encontros\/wp-json\/wp\/v2\/types\/page"}],"author":[{"embeddable":true,"href":"https:\/\/cocegas.com.br\/encontros\/wp-json\/wp\/v2\/users\/1"}],"replies":[{"embeddable":true,"href":"https:\/\/cocegas.com.br\/encontros\/wp-json\/wp\/v2\/comments?post=9"}],"version-history":[{"count":7,"href":"https:\/\/cocegas.com.br\/encontros\/wp-json\/wp\/v2\/pages\/9\/revisions"}],"predecessor-version":[{"id":304,"href":"https:\/\/cocegas.com.br\/encontros\/wp-json\/wp\/v2\/pages\/9\/revisions\/304"}],"wp:attachment":[{"href":"https:\/\/cocegas.com.br\/encontros\/wp-json\/wp\/v2\/media?parent=9"}],"curies":[{"name":"wp","href":"https:\/\/api.w.org\/{rel}","templated":true}]}}